{"id":1727,"date":"2023-09-12T17:35:25","date_gmt":"2023-09-12T16:35:25","guid":{"rendered":"https:\/\/natura-helps.hu\/?page_id=1727"},"modified":"2023-09-12T18:08:02","modified_gmt":"2023-09-12T17:08:02","slug":"dive-in-jo-gyakorlat-gyujtemeny","status":"publish","type":"page","link":"https:\/\/natura-helps.hu\/index.php\/erasmus-projektek\/dive-in-jo-gyakorlat-gyujtemeny\/","title":{"rendered":"Let\u00f6lthet\u0151 &#8211; gy\u0171jtem\u00e9ny"},"content":{"rendered":"\t\t<div data-elementor-type=\"wp-page\" data-elementor-id=\"1727\" class=\"elementor elementor-1727\">\n\t\t\t\t\t\t\t\t\t<section class=\"elementor-section elementor-top-section elementor-element elementor-element-f3b223a elementor-section-boxed elementor-section-height-default elementor-section-height-default\" data-id=\"f3b223a\" data-element_type=\"section\">\n\t\t\t\t\t\t<div class=\"elementor-container elementor-column-gap-default\">\n\t\t\t\t\t<div class=\"elementor-column elementor-col-50 elementor-top-column elementor-element elementor-element-e390c69\" data-id=\"e390c69\" data-element_type=\"column\">\n\t\t\t<div class=\"elementor-widget-wrap elementor-element-populated\">\n\t\t\t\t\t\t\t\t<div class=\"elementor-element elementor-element-53870e8 elementor-widget elementor-widget-heading\" data-id=\"53870e8\" data-element_type=\"widget\" data-widget_type=\"heading.default\">\n\t\t\t\t<div class=\"elementor-widget-container\">\n\t\t\t<style>\/*! elementor - v3.7.4 - 31-08-2022 *\/\n.elementor-heading-title{padding:0;margin:0;line-height:1}.elementor-widget-heading .elementor-heading-title[class*=elementor-size-]>a{color:inherit;font-size:inherit;line-height:inherit}.elementor-widget-heading .elementor-heading-title.elementor-size-small{font-size:15px}.elementor-widget-heading .elementor-heading-title.elementor-size-medium{font-size:19px}.elementor-widget-heading .elementor-heading-title.elementor-size-large{font-size:29px}.elementor-widget-heading .elementor-heading-title.elementor-size-xl{font-size:39px}.elementor-widget-heading .elementor-heading-title.elementor-size-xxl{font-size:59px}<\/style><h2 class=\"elementor-heading-title elementor-size-large\">J\u00f3 gyakorlat gy\u0171jtem\u00e9ny <\/h2>\t\t<\/div>\n\t\t\t\t<\/div>\n\t\t\t\t\t<\/div>\n\t\t<\/div>\n\t\t\t\t<div class=\"elementor-column elementor-col-50 elementor-top-column elementor-element elementor-element-06a7a89\" data-id=\"06a7a89\" data-element_type=\"column\">\n\t\t\t<div class=\"elementor-widget-wrap elementor-element-populated\">\n\t\t\t\t\t\t\t\t<div class=\"elementor-element elementor-element-ac6b1a7 elementor-widget elementor-widget-heading\" data-id=\"ac6b1a7\" data-element_type=\"widget\" data-widget_type=\"heading.default\">\n\t\t\t\t<div class=\"elementor-widget-container\">\n\t\t\t<h2 class=\"elementor-heading-title elementor-size-large\">seg\u00e9dlet, kieg\u00e9sz\u00edt\u0151k<\/h2>\t\t<\/div>\n\t\t\t\t<\/div>\n\t\t\t\t\t<\/div>\n\t\t<\/div>\n\t\t\t\t\t\t\t<\/div>\n\t\t<\/section>\n\t\t\t\t<section class=\"elementor-section elementor-top-section elementor-element elementor-element-2496e0d elementor-section-boxed elementor-section-height-default elementor-section-height-default\" data-id=\"2496e0d\" data-element_type=\"section\">\n\t\t\t\t\t\t<div class=\"elementor-container elementor-column-gap-default\">\n\t\t\t\t\t<div class=\"elementor-column elementor-col-50 elementor-top-column elementor-element elementor-element-1beb40e\" data-id=\"1beb40e\" data-element_type=\"column\">\n\t\t\t<div class=\"elementor-widget-wrap elementor-element-populated\">\n\t\t\t\t\t\t\t\t<div class=\"elementor-element elementor-element-8feb801 elementor-widget elementor-widget-pdfjs_viewer\" data-id=\"8feb801\" data-element_type=\"widget\" data-widget_type=\"pdfjs_viewer.default\">\n\t\t\t\t<div class=\"elementor-widget-container\">\n\t\t\t<iframe src=\"https:\/\/natura-helps.hu\/wp-content\/plugins\/pdf-viewer-for-elementor\/assets\/pdfjs\/web\/viewer.html?file=https:\/\/natura-helps.hu\/wp-content\/uploads\/2023\/09\/Dive-In-Cards-Hungarian-version.pdf&amp;embedded=true\" style=\"display: block; margin-left: auto; margin-right: auto; width: 640px; height: 1020px;\" frameborder=\"1\" marginheight=\"0px\" marginwidth=\"0px\" allowfullscreen><\/iframe>\t\t<\/div>\n\t\t\t\t<\/div>\n\t\t\t\t\t<\/div>\n\t\t<\/div>\n\t\t\t\t<div class=\"elementor-column elementor-col-50 elementor-top-column elementor-element elementor-element-e1a9e9c\" data-id=\"e1a9e9c\" data-element_type=\"column\">\n\t\t\t<div class=\"elementor-widget-wrap elementor-element-populated\">\n\t\t\t\t\t\t\t\t<div class=\"elementor-element elementor-element-15985a0 elementor-widget elementor-widget-pdfjs_viewer\" data-id=\"15985a0\" data-element_type=\"widget\" data-widget_type=\"pdfjs_viewer.default\">\n\t\t\t\t<div class=\"elementor-widget-container\">\n\t\t\t<iframe src=\"https:\/\/natura-helps.hu\/wp-content\/plugins\/pdf-viewer-for-elementor\/assets\/pdfjs\/web\/viewer.html?file=https:\/\/natura-helps.hu\/wp-content\/uploads\/2023\/09\/MELLEKLETEK-KERDESEK-BEFOGADAST-SEGITO-JATEKOKHOZ.pdf&amp;embedded=true\" style=\"display: block; margin-left: auto; margin-right: auto; width: 640px; height: 1020px;\" frameborder=\"1\" marginheight=\"0px\" marginwidth=\"0px\" allowfullscreen><\/iframe>\t\t<\/div>\n\t\t\t\t<\/div>\n\t\t\t\t\t<\/div>\n\t\t<\/div>\n\t\t\t\t\t\t\t<\/div>\n\t\t<\/section>\n\t\t\t\t<section class=\"elementor-section elementor-top-section elementor-element elementor-element-379f705 elementor-section-boxed elementor-section-height-default elementor-section-height-default\" data-id=\"379f705\" data-element_type=\"section\">\n\t\t\t\t\t\t<div class=\"elementor-container elementor-column-gap-default\">\n\t\t\t\t\t<div class=\"elementor-column elementor-col-100 elementor-top-column elementor-element elementor-element-d1e868b\" data-id=\"d1e868b\" data-element_type=\"column\">\n\t\t\t<div class=\"elementor-widget-wrap elementor-element-populated\">\n\t\t\t\t\t\t\t\t<div class=\"elementor-element elementor-element-4bca579 elementor-widget elementor-widget-heading\" data-id=\"4bca579\" data-element_type=\"widget\" data-widget_type=\"heading.default\">\n\t\t\t\t<div class=\"elementor-widget-container\">\n\t\t\t<h2 class=\"elementor-heading-title elementor-size-large\">collection of Good practices<\/h2>\t\t<\/div>\n\t\t\t\t<\/div>\n\t\t\t\t\t<\/div>\n\t\t<\/div>\n\t\t\t\t\t\t\t<\/div>\n\t\t<\/section>\n\t\t\t\t<section class=\"elementor-section elementor-top-section elementor-element elementor-element-46b6bdf elementor-section-boxed elementor-section-height-default elementor-section-height-default\" data-id=\"46b6bdf\" data-element_type=\"section\">\n\t\t\t\t\t\t<div class=\"elementor-container elementor-column-gap-default\">\n\t\t\t\t\t<div class=\"elementor-column elementor-col-100 elementor-top-column elementor-element elementor-element-71bf8dc\" data-id=\"71bf8dc\" data-element_type=\"column\">\n\t\t\t<div class=\"elementor-widget-wrap elementor-element-populated\">\n\t\t\t\t\t\t\t\t<div class=\"elementor-element elementor-element-55d9810 elementor-widget elementor-widget-pdfjs_viewer\" data-id=\"55d9810\" data-element_type=\"widget\" data-widget_type=\"pdfjs_viewer.default\">\n\t\t\t\t<div class=\"elementor-widget-container\">\n\t\t\t<iframe src=\"https:\/\/natura-helps.hu\/wp-content\/plugins\/pdf-viewer-for-elementor\/assets\/pdfjs\/web\/viewer.html?file=https:\/\/natura-helps.hu\/wp-content\/uploads\/2023\/09\/ENG-Dive-in.pdf&amp;embedded=true\" style=\"display: block; margin-left: auto; margin-right: auto; width: 640px; height: 1020px;\" frameborder=\"1\" marginheight=\"0px\" marginwidth=\"0px\" allowfullscreen><\/iframe>\t\t<\/div>\n\t\t\t\t<\/div>\n\t\t\t\t\t<\/div>\n\t\t<\/div>\n\t\t\t\t\t\t\t<\/div>\n\t\t<\/section>\n\t\t\t\t\t\t\t<\/div>\n\t\t","protected":false},"excerpt":{"rendered":"<p>J\u00f3 gyakorlat gy\u0171jtem\u00e9ny seg\u00e9dlet, kieg\u00e9sz\u00edt\u0151k collection of Good practices<\/p>\n","protected":false},"author":1,"featured_media":0,"parent":142,"menu_order":1,"comment_status":"closed","ping_status":"closed","template":"","meta":{"site-sidebar-layout":"no-sidebar","site-content-layout":"page-builder","ast-global-header-display":"","ast-main-header-display":"","ast-hfb-above-header-display":"","ast-hfb-below-header-display":"","ast-hfb-mobile-header-display":"","site-post-title":"disabled","ast-breadcrumbs-content":"","ast-featured-img":"disabled","footer-sml-layout":"","theme-transparent-header-meta":"","adv-header-id-meta":"","stick-header-meta":"","header-above-stick-meta":"","header-main-stick-meta":"","header-below-stick-meta":"","footnotes":""},"class_list":["post-1727","page","type-page","status-publish","hentry"],"yoast_head":"<!-- This site is optimized with the Yoast SEO plugin v19.6.1 - https:\/\/yoast.com\/wordpress\/plugins\/seo\/ -->\n<title>Let\u00f6lthet\u0151 - gy\u0171jtem\u00e9ny - Natura-Hungarica<\/title>\n<meta name=\"robots\" content=\"index, follow, max-snippet:-1, max-image-preview:large, max-video-preview:-1\" \/>\n<link rel=\"canonical\" href=\"https:\/\/natura-helps.hu\/index.php\/erasmus-projektek\/dive-in-jo-gyakorlat-gyujtemeny\/\" \/>\n<meta property=\"og:locale\" content=\"hu_HU\" \/>\n<meta property=\"og:type\" content=\"article\" \/>\n<meta property=\"og:title\" content=\"Let\u00f6lthet\u0151 - gy\u0171jtem\u00e9ny - Natura-Hungarica\" \/>\n<meta property=\"og:description\" content=\"J\u00f3 gyakorlat gy\u0171jtem\u00e9ny seg\u00e9dlet, kieg\u00e9sz\u00edt\u0151k collection of Good practices\" \/>\n<meta property=\"og:url\" content=\"https:\/\/natura-helps.hu\/index.php\/erasmus-projektek\/dive-in-jo-gyakorlat-gyujtemeny\/\" \/>\n<meta property=\"og:site_name\" content=\"Natura-Hungarica\" \/>\n<meta property=\"article:modified_time\" content=\"2023-09-12T17:08:02+00:00\" \/>\n<meta name=\"twitter:card\" content=\"summary_large_image\" \/>\n<script type=\"application\/ld+json\" class=\"yoast-schema-graph\">{\"@context\":\"https:\/\/schema.org\",\"@graph\":[{\"@type\":\"WebPage\",\"@id\":\"https:\/\/natura-helps.hu\/index.php\/erasmus-projektek\/dive-in-jo-gyakorlat-gyujtemeny\/\",\"url\":\"https:\/\/natura-helps.hu\/index.php\/erasmus-projektek\/dive-in-jo-gyakorlat-gyujtemeny\/\",\"name\":\"Let\u00f6lthet\u0151 - gy\u0171jtem\u00e9ny - Natura-Hungarica\",\"isPartOf\":{\"@id\":\"https:\/\/natura-helps.hu\/#website\"},\"datePublished\":\"2023-09-12T16:35:25+00:00\",\"dateModified\":\"2023-09-12T17:08:02+00:00\",\"breadcrumb\":{\"@id\":\"https:\/\/natura-helps.hu\/index.php\/erasmus-projektek\/dive-in-jo-gyakorlat-gyujtemeny\/#breadcrumb\"},\"inLanguage\":\"hu\",\"potentialAction\":[{\"@type\":\"ReadAction\",\"target\":[\"https:\/\/natura-helps.hu\/index.php\/erasmus-projektek\/dive-in-jo-gyakorlat-gyujtemeny\/\"]}]},{\"@type\":\"BreadcrumbList\",\"@id\":\"https:\/\/natura-helps.hu\/index.php\/erasmus-projektek\/dive-in-jo-gyakorlat-gyujtemeny\/#breadcrumb\",\"itemListElement\":[{\"@type\":\"ListItem\",\"position\":1,\"name\":\"Kezd\u0151lap\",\"item\":\"https:\/\/natura-helps.hu\/\"},{\"@type\":\"ListItem\",\"position\":2,\"name\":\"E+ projektek \u00e9s kiadv\u00e1nyok\",\"item\":\"https:\/\/natura-helps.hu\/index.php\/erasmus-projektek\/\"},{\"@type\":\"ListItem\",\"position\":3,\"name\":\"Let\u00f6lthet\u0151 &#8211; gy\u0171jtem\u00e9ny\"}]},{\"@type\":\"WebSite\",\"@id\":\"https:\/\/natura-helps.hu\/#website\",\"url\":\"https:\/\/natura-helps.hu\/\",\"name\":\"Natura-Hungarica\",\"description\":\"A NATURA SEG\u00cdT, MEGISMERNI, ELFOGADNI, MEGSZERETNI EMBEREKET, HELYEKET AZ \u00c9LETET.\",\"publisher\":{\"@id\":\"https:\/\/natura-helps.hu\/#organization\"},\"potentialAction\":[{\"@type\":\"SearchAction\",\"target\":{\"@type\":\"EntryPoint\",\"urlTemplate\":\"https:\/\/natura-helps.hu\/?s={search_term_string}\"},\"query-input\":\"required name=search_term_string\"}],\"inLanguage\":\"hu\"},{\"@type\":\"Organization\",\"@id\":\"https:\/\/natura-helps.hu\/#organization\",\"name\":\"Natura-Hungarica\",\"url\":\"https:\/\/natura-helps.hu\/\",\"sameAs\":[],\"logo\":{\"@type\":\"ImageObject\",\"inLanguage\":\"hu\",\"@id\":\"https:\/\/natura-helps.hu\/#\/schema\/logo\/image\/\",\"url\":\"https:\/\/natura-helps.hu\/wp-content\/uploads\/2022\/09\/NATURA_HUNGARICA_LOGO_PRIMARY_RGB_BLUE.png\",\"contentUrl\":\"https:\/\/natura-helps.hu\/wp-content\/uploads\/2022\/09\/NATURA_HUNGARICA_LOGO_PRIMARY_RGB_BLUE.png\",\"width\":2500,\"height\":1021,\"caption\":\"Natura-Hungarica\"},\"image\":{\"@id\":\"https:\/\/natura-helps.hu\/#\/schema\/logo\/image\/\"}}]}<\/script>\n<!-- \/ Yoast SEO plugin. -->","yoast_head_json":{"title":"Let\u00f6lthet\u0151 - gy\u0171jtem\u00e9ny - Natura-Hungarica","robots":{"index":"index","follow":"follow","max-snippet":"max-snippet:-1","max-image-preview":"max-image-preview:large","max-video-preview":"max-video-preview:-1"},"canonical":"https:\/\/natura-helps.hu\/index.php\/erasmus-projektek\/dive-in-jo-gyakorlat-gyujtemeny\/","og_locale":"hu_HU","og_type":"article","og_title":"Let\u00f6lthet\u0151 - gy\u0171jtem\u00e9ny - Natura-Hungarica","og_description":"J\u00f3 gyakorlat gy\u0171jtem\u00e9ny seg\u00e9dlet, kieg\u00e9sz\u00edt\u0151k collection of Good practices","og_url":"https:\/\/natura-helps.hu\/index.php\/erasmus-projektek\/dive-in-jo-gyakorlat-gyujtemeny\/","og_site_name":"Natura-Hungarica","article_modified_time":"2023-09-12T17:08:02+00:00","twitter_card":"summary_large_image","schema":{"@context":"https:\/\/schema.org","@graph":[{"@type":"WebPage","@id":"https:\/\/natura-helps.hu\/index.php\/erasmus-projektek\/dive-in-jo-gyakorlat-gyujtemeny\/","url":"https:\/\/natura-helps.hu\/index.php\/erasmus-projektek\/dive-in-jo-gyakorlat-gyujtemeny\/","name":"Let\u00f6lthet\u0151 - gy\u0171jtem\u00e9ny - Natura-Hungarica","isPartOf":{"@id":"https:\/\/natura-helps.hu\/#website"},"datePublished":"2023-09-12T16:35:25+00:00","dateModified":"2023-09-12T17:08:02+00:00","breadcrumb":{"@id":"https:\/\/natura-helps.hu\/index.php\/erasmus-projektek\/dive-in-jo-gyakorlat-gyujtemeny\/#breadcrumb"},"inLanguage":"hu","potentialAction":[{"@type":"ReadAction","target":["https:\/\/natura-helps.hu\/index.php\/erasmus-projektek\/dive-in-jo-gyakorlat-gyujtemeny\/"]}]},{"@type":"BreadcrumbList","@id":"https:\/\/natura-helps.hu\/index.php\/erasmus-projektek\/dive-in-jo-gyakorlat-gyujtemeny\/#breadcrumb","itemListElement":[{"@type":"ListItem","position":1,"name":"Kezd\u0151lap","item":"https:\/\/natura-helps.hu\/"},{"@type":"ListItem","position":2,"name":"E+ projektek \u00e9s kiadv\u00e1nyok","item":"https:\/\/natura-helps.hu\/index.php\/erasmus-projektek\/"},{"@type":"ListItem","position":3,"name":"Let\u00f6lthet\u0151 &#8211; gy\u0171jtem\u00e9ny"}]},{"@type":"WebSite","@id":"https:\/\/natura-helps.hu\/#website","url":"https:\/\/natura-helps.hu\/","name":"Natura-Hungarica","description":"A NATURA SEG\u00cdT, MEGISMERNI, ELFOGADNI, MEGSZERETNI EMBEREKET, HELYEKET AZ \u00c9LETET.","publisher":{"@id":"https:\/\/natura-helps.hu\/#organization"},"potentialAction":[{"@type":"SearchAction","target":{"@type":"EntryPoint","urlTemplate":"https:\/\/natura-helps.hu\/?s={search_term_string}"},"query-input":"required name=search_term_string"}],"inLanguage":"hu"},{"@type":"Organization","@id":"https:\/\/natura-helps.hu\/#organization","name":"Natura-Hungarica","url":"https:\/\/natura-helps.hu\/","sameAs":[],"logo":{"@type":"ImageObject","inLanguage":"hu","@id":"https:\/\/natura-helps.hu\/#\/schema\/logo\/image\/","url":"https:\/\/natura-helps.hu\/wp-content\/uploads\/2022\/09\/NATURA_HUNGARICA_LOGO_PRIMARY_RGB_BLUE.png","contentUrl":"https:\/\/natura-helps.hu\/wp-content\/uploads\/2022\/09\/NATURA_HUNGARICA_LOGO_PRIMARY_RGB_BLUE.png","width":2500,"height":1021,"caption":"Natura-Hungarica"},"image":{"@id":"https:\/\/natura-helps.hu\/#\/schema\/logo\/image\/"}}]}},"_links":{"self":[{"href":"https:\/\/natura-helps.hu\/index.php\/wp-json\/wp\/v2\/pages\/1727","targetHints":{"allow":["GET"]}}],"collection":[{"href":"https:\/\/natura-helps.hu\/index.php\/wp-json\/wp\/v2\/pages"}],"about":[{"href":"https:\/\/natura-helps.hu\/index.php\/wp-json\/wp\/v2\/types\/page"}],"author":[{"embeddable":true,"href":"https:\/\/natura-helps.hu\/index.php\/wp-json\/wp\/v2\/users\/1"}],"replies":[{"embeddable":true,"href":"https:\/\/natura-helps.hu\/index.php\/wp-json\/wp\/v2\/comments?post=1727"}],"version-history":[{"count":5,"href":"https:\/\/natura-helps.hu\/index.php\/wp-json\/wp\/v2\/pages\/1727\/revisions"}],"predecessor-version":[{"id":1746,"href":"https:\/\/natura-helps.hu\/index.php\/wp-json\/wp\/v2\/pages\/1727\/revisions\/1746"}],"up":[{"embeddable":true,"href":"https:\/\/natura-helps.hu\/index.php\/wp-json\/wp\/v2\/pages\/142"}],"wp:attachment":[{"href":"https:\/\/natura-helps.hu\/index.php\/wp-json\/wp\/v2\/media?parent=1727"}],"curies":[{"name":"wp","href":"https:\/\/api.w.org\/{rel}","templated":true}]}}