{"id":1072,"date":"2023-09-11T17:27:12","date_gmt":"2023-09-11T16:27:12","guid":{"rendered":"https:\/\/natura-helps.hu\/?page_id=1072"},"modified":"2023-09-11T20:09:12","modified_gmt":"2023-09-11T19:09:12","slug":"mesel-a-solymasz-letoltheto","status":"publish","type":"page","link":"https:\/\/natura-helps.hu\/index.php\/hungarikum-kiadvanyaink\/mesel-a-solymasz-letoltheto\/","title":{"rendered":"Mes\u00e9l a solym\u00e1sz &#8211; PDF"},"content":{"rendered":"\t\t<div data-elementor-type=\"wp-page\" data-elementor-id=\"1072\" class=\"elementor elementor-1072\">\n\t\t\t\t\t\t\t\t\t<section class=\"elementor-section elementor-top-section elementor-element elementor-element-3896182 elementor-section-boxed elementor-section-height-default elementor-section-height-default\" data-id=\"3896182\" data-element_type=\"section\">\n\t\t\t\t\t\t<div class=\"elementor-container elementor-column-gap-default\">\n\t\t\t\t\t<div class=\"elementor-column elementor-col-100 elementor-top-column elementor-element elementor-element-da776b6\" data-id=\"da776b6\" data-element_type=\"column\">\n\t\t\t<div class=\"elementor-widget-wrap elementor-element-populated\">\n\t\t\t\t\t\t\t\t<div class=\"elementor-element elementor-element-948e64e elementor-widget elementor-widget-heading\" data-id=\"948e64e\" data-element_type=\"widget\" data-widget_type=\"heading.default\">\n\t\t\t\t<div class=\"elementor-widget-container\">\n\t\t\t<style>\/*! elementor - v3.7.4 - 31-08-2022 *\/\n.elementor-heading-title{padding:0;margin:0;line-height:1}.elementor-widget-heading .elementor-heading-title[class*=elementor-size-]>a{color:inherit;font-size:inherit;line-height:inherit}.elementor-widget-heading .elementor-heading-title.elementor-size-small{font-size:15px}.elementor-widget-heading .elementor-heading-title.elementor-size-medium{font-size:19px}.elementor-widget-heading .elementor-heading-title.elementor-size-large{font-size:29px}.elementor-widget-heading .elementor-heading-title.elementor-size-xl{font-size:39px}.elementor-widget-heading .elementor-heading-title.elementor-size-xxl{font-size:59px}<\/style><h2 class=\"elementor-heading-title elementor-size-xl\">mes\u00e9l a solym\u00e1sz <\/h2>\t\t<\/div>\n\t\t\t\t<\/div>\n\t\t\t\t\t<\/div>\n\t\t<\/div>\n\t\t\t\t\t\t\t<\/div>\n\t\t<\/section>\n\t\t\t\t<section class=\"elementor-section elementor-top-section elementor-element elementor-element-f58d4ba elementor-section-boxed elementor-section-height-default elementor-section-height-default\" data-id=\"f58d4ba\" data-element_type=\"section\">\n\t\t\t\t\t\t<div class=\"elementor-container elementor-column-gap-default\">\n\t\t\t\t\t<div class=\"elementor-column elementor-col-100 elementor-top-column elementor-element elementor-element-d283522\" data-id=\"d283522\" data-element_type=\"column\">\n\t\t\t<div class=\"elementor-widget-wrap elementor-element-populated\">\n\t\t\t\t\t\t\t\t<div class=\"elementor-element elementor-element-6c9966f elementor-widget elementor-widget-pdf_viewer\" data-id=\"6c9966f\" data-element_type=\"widget\" data-widget_type=\"pdf_viewer.default\">\n\t\t\t\t<div class=\"elementor-widget-container\">\n\t\t\t<iframe src=\"https:\/\/docs.google.com\/viewer?url=https:\/\/natura-helps.hu\/wp-content\/uploads\/2023\/09\/WEB-Mesel-a-solymasz-HU-FINAL.pdf&amp;embedded=true\" style=\"display: block; margin-left: auto; margin-right: auto; width: 410px; height: 490px;\" frameborder=\"1\" marginheight=\"0px\" marginwidth=\"0px\" allowfullscreen><\/iframe>\t\t<\/div>\n\t\t\t\t<\/div>\n\t\t\t\t\t<\/div>\n\t\t<\/div>\n\t\t\t\t\t\t\t<\/div>\n\t\t<\/section>\n\t\t\t\t<section class=\"elementor-section elementor-top-section elementor-element elementor-element-d7ca702 elementor-section-boxed elementor-section-height-default elementor-section-height-default\" data-id=\"d7ca702\" data-element_type=\"section\">\n\t\t\t\t\t\t<div class=\"elementor-container elementor-column-gap-default\">\n\t\t\t\t\t<div class=\"elementor-column elementor-col-100 elementor-top-column elementor-element elementor-element-afd6c80\" data-id=\"afd6c80\" data-element_type=\"column\">\n\t\t\t<div class=\"elementor-widget-wrap elementor-element-populated\">\n\t\t\t\t\t\t\t\t<div class=\"elementor-element elementor-element-70f616e elementor-widget elementor-widget-heading\" data-id=\"70f616e\" data-element_type=\"widget\" data-widget_type=\"heading.default\">\n\t\t\t\t<div class=\"elementor-widget-container\">\n\t\t\t<h2 class=\"elementor-heading-title elementor-size-default\">a Falconer's Tale<\/h2>\t\t<\/div>\n\t\t\t\t<\/div>\n\t\t\t\t\t<\/div>\n\t\t<\/div>\n\t\t\t\t\t\t\t<\/div>\n\t\t<\/section>\n\t\t\t\t<section class=\"elementor-section elementor-top-section elementor-element elementor-element-30ab9b2 elementor-section-boxed elementor-section-height-default elementor-section-height-default\" data-id=\"30ab9b2\" data-element_type=\"section\">\n\t\t\t\t\t\t<div class=\"elementor-container elementor-column-gap-default\">\n\t\t\t\t\t<div class=\"elementor-column elementor-col-100 elementor-top-column elementor-element elementor-element-3c4766c\" data-id=\"3c4766c\" data-element_type=\"column\">\n\t\t\t<div class=\"elementor-widget-wrap elementor-element-populated\">\n\t\t\t\t\t\t\t\t<div class=\"elementor-element elementor-element-f9dfcca elementor-widget elementor-widget-pdfjs_viewer\" data-id=\"f9dfcca\" data-element_type=\"widget\" data-widget_type=\"pdfjs_viewer.default\">\n\t\t\t\t<div class=\"elementor-widget-container\">\n\t\t\t<iframe src=\"https:\/\/natura-helps.hu\/wp-content\/plugins\/pdf-viewer-for-elementor\/assets\/pdfjs\/web\/viewer.html?file=https:\/\/natura-helps.hu\/wp-content\/uploads\/2023\/09\/WEB-A-FALCONERS-TALE-EN-FINAL.pdf&amp;embedded=true\" style=\"display: block; margin-left: auto; margin-right: auto; width: 410px; height: 490px;\" frameborder=\"1\" marginheight=\"0px\" marginwidth=\"0px\" allowfullscreen><\/iframe>\t\t<\/div>\n\t\t\t\t<\/div>\n\t\t\t\t\t<\/div>\n\t\t<\/div>\n\t\t\t\t\t\t\t<\/div>\n\t\t<\/section>\n\t\t\t\t\t\t\t<\/div>\n\t\t","protected":false},"excerpt":{"rendered":"<p>mes\u00e9l a solym\u00e1sz a Falconer&#8217;s Tale<\/p>\n","protected":false},"author":1,"featured_media":0,"parent":981,"menu_order":0,"comment_status":"closed","ping_status":"closed","template":"","meta":{"site-sidebar-layout":"no-sidebar","site-content-layout":"page-builder","ast-global-header-display":"","ast-main-header-display":"","ast-hfb-above-header-display":"","ast-hfb-below-header-display":"","ast-hfb-mobile-header-display":"","site-post-title":"disabled","ast-breadcrumbs-content":"","ast-featured-img":"disabled","footer-sml-layout":"","theme-transparent-header-meta":"","adv-header-id-meta":"","stick-header-meta":"","header-above-stick-meta":"","header-main-stick-meta":"","header-below-stick-meta":"","footnotes":""},"class_list":["post-1072","page","type-page","status-publish","hentry"],"yoast_head":"<!-- This site is optimized with the Yoast SEO plugin v19.6.1 - https:\/\/yoast.com\/wordpress\/plugins\/seo\/ -->\n<title>Mes\u00e9l a solym\u00e1sz - PDF - Natura-Hungarica<\/title>\n<meta name=\"robots\" content=\"index, follow, max-snippet:-1, max-image-preview:large, max-video-preview:-1\" \/>\n<link rel=\"canonical\" href=\"https:\/\/natura-helps.hu\/index.php\/hungarikum-kiadvanyaink\/mesel-a-solymasz-letoltheto\/\" \/>\n<meta property=\"og:locale\" content=\"hu_HU\" \/>\n<meta property=\"og:type\" content=\"article\" \/>\n<meta property=\"og:title\" content=\"Mes\u00e9l a solym\u00e1sz - PDF - Natura-Hungarica\" \/>\n<meta property=\"og:description\" content=\"mes\u00e9l a solym\u00e1sz a Falconer&#8217;s Tale\" \/>\n<meta property=\"og:url\" content=\"https:\/\/natura-helps.hu\/index.php\/hungarikum-kiadvanyaink\/mesel-a-solymasz-letoltheto\/\" \/>\n<meta property=\"og:site_name\" content=\"Natura-Hungarica\" \/>\n<meta property=\"article:modified_time\" content=\"2023-09-11T19:09:12+00:00\" \/>\n<meta name=\"twitter:card\" content=\"summary_large_image\" \/>\n<script type=\"application\/ld+json\" class=\"yoast-schema-graph\">{\"@context\":\"https:\/\/schema.org\",\"@graph\":[{\"@type\":\"WebPage\",\"@id\":\"https:\/\/natura-helps.hu\/index.php\/hungarikum-kiadvanyaink\/mesel-a-solymasz-letoltheto\/\",\"url\":\"https:\/\/natura-helps.hu\/index.php\/hungarikum-kiadvanyaink\/mesel-a-solymasz-letoltheto\/\",\"name\":\"Mes\u00e9l a solym\u00e1sz - PDF - Natura-Hungarica\",\"isPartOf\":{\"@id\":\"https:\/\/natura-helps.hu\/#website\"},\"datePublished\":\"2023-09-11T16:27:12+00:00\",\"dateModified\":\"2023-09-11T19:09:12+00:00\",\"breadcrumb\":{\"@id\":\"https:\/\/natura-helps.hu\/index.php\/hungarikum-kiadvanyaink\/mesel-a-solymasz-letoltheto\/#breadcrumb\"},\"inLanguage\":\"hu\",\"potentialAction\":[{\"@type\":\"ReadAction\",\"target\":[\"https:\/\/natura-helps.hu\/index.php\/hungarikum-kiadvanyaink\/mesel-a-solymasz-letoltheto\/\"]}]},{\"@type\":\"BreadcrumbList\",\"@id\":\"https:\/\/natura-helps.hu\/index.php\/hungarikum-kiadvanyaink\/mesel-a-solymasz-letoltheto\/#breadcrumb\",\"itemListElement\":[{\"@type\":\"ListItem\",\"position\":1,\"name\":\"Kezd\u0151lap\",\"item\":\"https:\/\/natura-helps.hu\/\"},{\"@type\":\"ListItem\",\"position\":2,\"name\":\"Hungarikum Projektek \u00e9s kiadv\u00e1nyok\",\"item\":\"https:\/\/natura-helps.hu\/index.php\/hungarikum-kiadvanyaink\/\"},{\"@type\":\"ListItem\",\"position\":3,\"name\":\"Mes\u00e9l a solym\u00e1sz &#8211; PDF\"}]},{\"@type\":\"WebSite\",\"@id\":\"https:\/\/natura-helps.hu\/#website\",\"url\":\"https:\/\/natura-helps.hu\/\",\"name\":\"Natura-Hungarica\",\"description\":\"A NATURA SEG\u00cdT, MEGISMERNI, ELFOGADNI, MEGSZERETNI EMBEREKET, HELYEKET AZ \u00c9LETET.\",\"publisher\":{\"@id\":\"https:\/\/natura-helps.hu\/#organization\"},\"potentialAction\":[{\"@type\":\"SearchAction\",\"target\":{\"@type\":\"EntryPoint\",\"urlTemplate\":\"https:\/\/natura-helps.hu\/?s={search_term_string}\"},\"query-input\":\"required name=search_term_string\"}],\"inLanguage\":\"hu\"},{\"@type\":\"Organization\",\"@id\":\"https:\/\/natura-helps.hu\/#organization\",\"name\":\"Natura-Hungarica\",\"url\":\"https:\/\/natura-helps.hu\/\",\"sameAs\":[],\"logo\":{\"@type\":\"ImageObject\",\"inLanguage\":\"hu\",\"@id\":\"https:\/\/natura-helps.hu\/#\/schema\/logo\/image\/\",\"url\":\"https:\/\/natura-helps.hu\/wp-content\/uploads\/2022\/09\/NATURA_HUNGARICA_LOGO_PRIMARY_RGB_BLUE.png\",\"contentUrl\":\"https:\/\/natura-helps.hu\/wp-content\/uploads\/2022\/09\/NATURA_HUNGARICA_LOGO_PRIMARY_RGB_BLUE.png\",\"width\":2500,\"height\":1021,\"caption\":\"Natura-Hungarica\"},\"image\":{\"@id\":\"https:\/\/natura-helps.hu\/#\/schema\/logo\/image\/\"}}]}<\/script>\n<!-- \/ Yoast SEO plugin. -->","yoast_head_json":{"title":"Mes\u00e9l a solym\u00e1sz - PDF - Natura-Hungarica","robots":{"index":"index","follow":"follow","max-snippet":"max-snippet:-1","max-image-preview":"max-image-preview:large","max-video-preview":"max-video-preview:-1"},"canonical":"https:\/\/natura-helps.hu\/index.php\/hungarikum-kiadvanyaink\/mesel-a-solymasz-letoltheto\/","og_locale":"hu_HU","og_type":"article","og_title":"Mes\u00e9l a solym\u00e1sz - PDF - Natura-Hungarica","og_description":"mes\u00e9l a solym\u00e1sz a Falconer&#8217;s Tale","og_url":"https:\/\/natura-helps.hu\/index.php\/hungarikum-kiadvanyaink\/mesel-a-solymasz-letoltheto\/","og_site_name":"Natura-Hungarica","article_modified_time":"2023-09-11T19:09:12+00:00","twitter_card":"summary_large_image","schema":{"@context":"https:\/\/schema.org","@graph":[{"@type":"WebPage","@id":"https:\/\/natura-helps.hu\/index.php\/hungarikum-kiadvanyaink\/mesel-a-solymasz-letoltheto\/","url":"https:\/\/natura-helps.hu\/index.php\/hungarikum-kiadvanyaink\/mesel-a-solymasz-letoltheto\/","name":"Mes\u00e9l a solym\u00e1sz - PDF - Natura-Hungarica","isPartOf":{"@id":"https:\/\/natura-helps.hu\/#website"},"datePublished":"2023-09-11T16:27:12+00:00","dateModified":"2023-09-11T19:09:12+00:00","breadcrumb":{"@id":"https:\/\/natura-helps.hu\/index.php\/hungarikum-kiadvanyaink\/mesel-a-solymasz-letoltheto\/#breadcrumb"},"inLanguage":"hu","potentialAction":[{"@type":"ReadAction","target":["https:\/\/natura-helps.hu\/index.php\/hungarikum-kiadvanyaink\/mesel-a-solymasz-letoltheto\/"]}]},{"@type":"BreadcrumbList","@id":"https:\/\/natura-helps.hu\/index.php\/hungarikum-kiadvanyaink\/mesel-a-solymasz-letoltheto\/#breadcrumb","itemListElement":[{"@type":"ListItem","position":1,"name":"Kezd\u0151lap","item":"https:\/\/natura-helps.hu\/"},{"@type":"ListItem","position":2,"name":"Hungarikum Projektek \u00e9s kiadv\u00e1nyok","item":"https:\/\/natura-helps.hu\/index.php\/hungarikum-kiadvanyaink\/"},{"@type":"ListItem","position":3,"name":"Mes\u00e9l a solym\u00e1sz &#8211; PDF"}]},{"@type":"WebSite","@id":"https:\/\/natura-helps.hu\/#website","url":"https:\/\/natura-helps.hu\/","name":"Natura-Hungarica","description":"A NATURA SEG\u00cdT, MEGISMERNI, ELFOGADNI, MEGSZERETNI EMBEREKET, HELYEKET AZ \u00c9LETET.","publisher":{"@id":"https:\/\/natura-helps.hu\/#organization"},"potentialAction":[{"@type":"SearchAction","target":{"@type":"EntryPoint","urlTemplate":"https:\/\/natura-helps.hu\/?s={search_term_string}"},"query-input":"required name=search_term_string"}],"inLanguage":"hu"},{"@type":"Organization","@id":"https:\/\/natura-helps.hu\/#organization","name":"Natura-Hungarica","url":"https:\/\/natura-helps.hu\/","sameAs":[],"logo":{"@type":"ImageObject","inLanguage":"hu","@id":"https:\/\/natura-helps.hu\/#\/schema\/logo\/image\/","url":"https:\/\/natura-helps.hu\/wp-content\/uploads\/2022\/09\/NATURA_HUNGARICA_LOGO_PRIMARY_RGB_BLUE.png","contentUrl":"https:\/\/natura-helps.hu\/wp-content\/uploads\/2022\/09\/NATURA_HUNGARICA_LOGO_PRIMARY_RGB_BLUE.png","width":2500,"height":1021,"caption":"Natura-Hungarica"},"image":{"@id":"https:\/\/natura-helps.hu\/#\/schema\/logo\/image\/"}}]}},"_links":{"self":[{"href":"https:\/\/natura-helps.hu\/index.php\/wp-json\/wp\/v2\/pages\/1072","targetHints":{"allow":["GET"]}}],"collection":[{"href":"https:\/\/natura-helps.hu\/index.php\/wp-json\/wp\/v2\/pages"}],"about":[{"href":"https:\/\/natura-helps.hu\/index.php\/wp-json\/wp\/v2\/types\/page"}],"author":[{"embeddable":true,"href":"https:\/\/natura-helps.hu\/index.php\/wp-json\/wp\/v2\/users\/1"}],"replies":[{"embeddable":true,"href":"https:\/\/natura-helps.hu\/index.php\/wp-json\/wp\/v2\/comments?post=1072"}],"version-history":[{"count":24,"href":"https:\/\/natura-helps.hu\/index.php\/wp-json\/wp\/v2\/pages\/1072\/revisions"}],"predecessor-version":[{"id":1220,"href":"https:\/\/natura-helps.hu\/index.php\/wp-json\/wp\/v2\/pages\/1072\/revisions\/1220"}],"up":[{"embeddable":true,"href":"https:\/\/natura-helps.hu\/index.php\/wp-json\/wp\/v2\/pages\/981"}],"wp:attachment":[{"href":"https:\/\/natura-helps.hu\/index.php\/wp-json\/wp\/v2\/media?parent=1072"}],"curies":[{"name":"wp","href":"https:\/\/api.w.org\/{rel}","templated":true}]}}